{"id":42,"date":"2025-08-10T15:33:50","date_gmt":"2025-08-10T15:33:50","guid":{"rendered":"https:\/\/groeger.calia.de\/?page_id=42"},"modified":"2025-09-15T05:26:01","modified_gmt":"2025-09-15T05:26:01","slug":"%e5%8f%82%e4%b8%8e","status":"publish","type":"page","link":"https:\/\/groeger.gmbh\/zh\/beteiligungen\/","title":{"rendered":"\u6240\u6301\u80a1\u4efd"},"content":{"rendered":"<section class=\"bde-section-42-100 bde-section\">\n  \n  \n\t\n\n\n\n<div class=\"section-container\"><div class=\"bde-columns-42-101 bde-columns\"><div class=\"bde-column-42-102 bde-column\">\n  \n  \n\t\n\n\n\n<h1 class=\"bde-heading-42-104 bde-heading\">\n\u6240\u6301\u80a1\u4efd\n<\/h1><div class=\"bde-rich-text-42-105 bde-rich-text breakdance-rich-text-styles\">\n<p><a title=\"I&#039;M Living Immobilien GmbH\" href=\"https:\/\/www.i-m-living.de\/\" target=\"_blank\" rel=\"noopener\">I'M Living Immobilien GmbH<\/a><\/p>\n<p><strong>\u6211\u76ee\u524d\u6b63\u5728\u5bfb\u627e\u4ee5\u4e0b\u884c\u4e1a\u516c\u53f8\u7684\u591a\u6570\u6216\u5c11\u6570\u80a1\u6743\uff1a<\/strong><\/p>\n<ul class=\"circlesx\">\n<li>\u79c1\u52df\u80a1\u6743\u57fa\u91d1\/\u5bb6\u65cf\u529e\u516c\u5ba4<\/li>\n<li>\u697c\u5b87\u7ba1\u7406\u7cfb\u7edf\/\u80fd\u6e90\u7ba1\u7406<\/li>\n<li>\u673a\u68b0\u548c\u8bbe\u5907\u5de5\u7a0b<\/li>\n<li>\u592a\u9633\u80fd<\/li>\n<li>\u5de5\u4e1a 4.0<\/li>\n<li>\u7535\u52a8\u6c7d\u8f66<\/li>\n<\/ul>\n<p>\u6700\u597d\u662f\u4f5c\u4e3a\u63a5\u73ed\u4eba\u8ba1\u5212\uff0c\u4f46\u4e5f\u6709\u9700\u8981\u91cd\u7ec4\u6216\u5df2\u7ecf\u7834\u4ea7\u7684\u60c5\u51b5\u3002<\/p>\n<\/div>\n<\/div><div class=\"bde-column-42-103 bde-column\">\n  \n  \n\t\n\n\n\n<div class=\"bde-globalblock-42-106 bde-globalblock\"><div class=\"bde-div-90-100-90-1 bde-div bde-div-90-100\">\n  \n  \n\t\n\n\n\n<img decoding=\"async\" class=\"bde-image2-90-104-90-1 bde-image2 bde-image2-90-104\" src=\"https:\/\/groeger.gmbh\/wp-content\/uploads\/2025\/07\/csm_slider-grafik-groeger_d439fff2da.jpg\" alt=\"\u5929\u7a7a\u80cc\u666f\" loading=\"lazy\" srcset=\"https:\/\/groeger.gmbh\/wp-content\/uploads\/2025\/07\/csm_slider-grafik-groeger_d439fff2da.jpg 2000w, https:\/\/groeger.gmbh\/wp-content\/uploads\/2025\/07\/csm_slider-grafik-groeger_d439fff2da-300x225.jpg 300w, https:\/\/groeger.gmbh\/wp-content\/uploads\/2025\/07\/csm_slider-grafik-groeger_d439fff2da-1024x768.jpg 1024w, https:\/\/groeger.gmbh\/wp-content\/uploads\/2025\/07\/csm_slider-grafik-groeger_d439fff2da-768x576.jpg 768w, https:\/\/groeger.gmbh\/wp-content\/uploads\/2025\/07\/csm_slider-grafik-groeger_d439fff2da-1536x1152.jpg 1536w\" sizes=\"(max-width: 2000px) 100vw, 2000px\"><div class=\"bde-div-90-101-90-1 bde-div bde-div-90-101\">\n  \n  \n\t\n\n\n\n<div class=\"bde-rich-text-90-102-90-1 bde-rich-text bde-rich-text-90-102 breakdance-rich-text-styles\">\n<p><strong>\u683c\u96f7\u6208\u5c14-\u683c\u7f57\u683c\u6709\u9650\u516c\u53f8<\/strong><\/p>\n<p>Blindauer Stra\u00dfe 8a<br \/>83242 Reit im Winkl<\/p>\n<p>\u7535\u8bdd\uff1a+49 89 95449866<br \/>\u624b\u673a\uff1a+49 172 8973319<br \/><a href=\"mailto:gregor@groeger.gmbh\">gregor@groeger.gmbh<\/a><\/p>\n<\/div>\n<\/div>\n<\/div><\/div>\n<\/div><\/div><\/div>\n<\/section>","protected":false},"excerpt":{"rendered":"<p>Beteiligungen I\u2019M Living Immobilien GmbH Aktuell suche ich Mehr- oder Minderheitsbeteiligungen an Firmen aus folgenden Branchen: Private-Equity-Fund\/Family Office Geb\u00e4ude Management Systeme \/ Energy Management Maschinen und Anlagenbau Solarenergie Industrie 4.0 Elektromobilit\u00e4t Gerne als Nachfolgeregelung, aber auch mit Restrukturierungsbedarf oder bereits in Insolvenz. Gregor Groeger GmbH Blindauer Stra\u00dfe 8a83242 Reit im Winkl Tel: +49 89 95449866Mob: [&hellip;]<\/p>\n","protected":false},"author":1,"featured_media":0,"parent":0,"menu_order":0,"comment_status":"closed","ping_status":"closed","template":"","meta":{"_seopress_robots_primary_cat":"","_seopress_titles_title":"Gr\u00f6ger GmbH Beteiligungen f\u00fcr nachhaltiges Wachstum","_seopress_titles_desc":"Erfahren Sie mehr \u00fcber die vielf\u00e4ltigen Beteiligungen der Gr\u00f6ger GmbH und unsere nachhaltigen Investitionen in zukunftsstarke Unternehmen.","_seopress_robots_index":"","_seopress_analysis_target_kw":"","_breakdance_hide_in_design_set":false,"_breakdance_tags":"","footnotes":""},"class_list":["post-42","page","type-page","status-publish","hentry"],"_links":{"self":[{"href":"https:\/\/groeger.gmbh\/zh\/wp-json\/wp\/v2\/pages\/42","targetHints":{"allow":["GET"]}}],"collection":[{"href":"https:\/\/groeger.gmbh\/zh\/wp-json\/wp\/v2\/pages"}],"about":[{"href":"https:\/\/groeger.gmbh\/zh\/wp-json\/wp\/v2\/types\/page"}],"author":[{"embeddable":true,"href":"https:\/\/groeger.gmbh\/zh\/wp-json\/wp\/v2\/users\/1"}],"replies":[{"embeddable":true,"href":"https:\/\/groeger.gmbh\/zh\/wp-json\/wp\/v2\/comments?post=42"}],"version-history":[{"count":0,"href":"https:\/\/groeger.gmbh\/zh\/wp-json\/wp\/v2\/pages\/42\/revisions"}],"wp:attachment":[{"href":"https:\/\/groeger.gmbh\/zh\/wp-json\/wp\/v2\/media?parent=42"}],"curies":[{"name":"wp","href":"https:\/\/api.w.org\/{rel}","templated":true}]}}