{"id":29,"date":"2025-07-28T14:45:11","date_gmt":"2025-07-28T14:45:11","guid":{"rendered":"https:\/\/groeger.calia.de\/?page_id=29"},"modified":"2025-09-15T03:36:42","modified_gmt":"2025-09-15T03:36:42","slug":"home","status":"publish","type":"page","link":"https:\/\/groeger.gmbh\/zh\/","title":{"rendered":"\u9996\u9875"},"content":{"rendered":"<section class=\"bde-section-29-100 bde-section\">\n  \n  \n\t\n\n\n\n<div class=\"section-container\"><div class=\"bde-columns-29-101 bde-columns\"><div class=\"bde-column-29-102 bde-column\">\n  \n  \n\t\n\n\n\n<h1 class=\"bde-heading-29-104 bde-heading\">\n\u81ea 1987 \u5e74\u4ee5\u6765\uff0cGregor Gr\u00f6ger GmbH \u4e00\u76f4\u4e3a\u5fb7\u56fd\u4e2d\u5c0f\u578b\u4f01\u4e1a\u548c\u6d3b\u8dc3\u4e8e\u5168\u7403\u7684\u5de5\u4e1a\u4f01\u4e1a\u63d0\u4f9b\u54a8\u8be2\u670d\u52a1\u548c\u652f\u6301\uff1a<br>\n<\/h1><div class=\"bde-rich-text-29-105 bde-rich-text breakdance-rich-text-styles\">\n<ul class=\"circlesx\">\n<li>\u673a\u68b0\u5de5\u7a0b\u548c\u5de5\u5177<\/li>\n<li>\u6c7d\u8f66<\/li>\n<li>\u7535\u6c14\u5de5\u7a0b<\/li>\n<li>\u5de5\u4e1a 4.0<\/li>\n<li>\u53ef\u518d\u751f\u80fd\u6e90<\/li>\n<li>\u6e05\u6d01\u6280\u672f<\/li>\n<li>\u7535\u52a8\u6c7d\u8f66<\/li>\n<li>\u697c\u5b87\u7ba1\u7406\u7cfb\u7edf\/\u80fd\u6e90\u7ba1\u7406<\/li>\n<\/ul>\n<\/div><h2 class=\"bde-heading-29-106 bde-heading\">\n\u8fd9\u901a\u5e38\u6d89\u53ca\u4ee5\u4e0b\u8d23\u4efb\u9886\u57df\uff1a\n<\/h2><div class=\"bde-rich-text-29-107 bde-rich-text breakdance-rich-text-styles\">\n<ul class=\"circlesx\">\n<li>\u901a\u8fc7\u56fd\u9645\u5316\u548c\u521b\u65b0\u5b9e\u73b0\u589e\u957f<\/li>\n<li>\u4f18\u5316\u6d41\u7a0b\uff0c\u63d0\u9ad8\u6548\u7387<\/li>\n<li>\u9879\u76ee\u548c\u4e34\u65f6\u7ba1\u7406<\/li>\n<li>\u542f\u52a8\u652f\u6301<\/li>\n<li>\u91cd\u7ec4<\/li>\n<li>\u7ee7\u4efb\u89c4\u5212<\/li>\n<\/ul>\n<\/div>\n<\/div><div class=\"bde-column-29-103 bde-column\">\n  \n  \n\t\n\n\n\n<div class=\"bde-globalblock-29-109 bde-globalblock\"><div class=\"bde-div-90-100-90-1 bde-div bde-div-90-100\">\n  \n  \n\t\n\n\n\n<img decoding=\"async\" class=\"bde-image2-90-103-90-1 bde-image2 bde-image2-90-103\" src=\"https:\/\/groeger.gmbh\/wp-content\/uploads\/2025\/07\/csm_slider-grafik-groeger_d439fff2da.jpg\" alt=\"\u5929\u7a7a\u80cc\u666f\" srcset=\"https:\/\/groeger.gmbh\/wp-content\/uploads\/2025\/07\/csm_slider-grafik-groeger_d439fff2da.jpg 2000w, https:\/\/groeger.gmbh\/wp-content\/uploads\/2025\/07\/csm_slider-grafik-groeger_d439fff2da-300x225.jpg 300w, https:\/\/groeger.gmbh\/wp-content\/uploads\/2025\/07\/csm_slider-grafik-groeger_d439fff2da-1024x768.jpg 1024w, https:\/\/groeger.gmbh\/wp-content\/uploads\/2025\/07\/csm_slider-grafik-groeger_d439fff2da-768x576.jpg 768w, https:\/\/groeger.gmbh\/wp-content\/uploads\/2025\/07\/csm_slider-grafik-groeger_d439fff2da-1536x1152.jpg 1536w\" sizes=\"(max-width: 2000px) 100vw, 2000px\"><div class=\"bde-div-90-101-90-1 bde-div bde-div-90-101\">\n  \n  \n\t\n\n\n\n<div class=\"bde-rich-text-90-102-90-1 bde-rich-text bde-rich-text-90-102 breakdance-rich-text-styles\">\n<p><strong>\u683c\u96f7\u6208\u5c14-\u683c\u7f57\u683c\u6709\u9650\u516c\u53f8<\/strong><\/p>\n<p>Blindauer Stra\u00dfe 8a<br \/>83242 Reit im Winkl<\/p>\n<p>\u7535\u8bdd\uff1a+49 89 95449866<br \/>\u624b\u673a\uff1a+49 172 8973319<br \/><a href=\"mailto:gregor@groeger.gmbh\">gregor@groeger.gmbh<\/a><\/p>\n<\/div>\n<\/div>\n<\/div><\/div>\n<\/div><\/div><\/div>\n<\/section>","protected":false},"excerpt":{"rendered":"<p>Seit 1987 ber\u00e4t und unterst\u00fctzt die Gregor Gr\u00f6ger GmbH den deutschen Mittelstand und weltweit t\u00e4tige Industriebetriebe aus folgenden Branchen: Maschinenbau und Werkzeuge Automotive Elektrotechnik Industrie 4.0 Erneuerbare Energien Cleantech Elektromobilit\u00e4t Geb\u00e4ude Management Systeme \/ Energy Management Hierbei geht es zumeist um folgende Aufgabenbereiche: Wachstum durch Internationalisierung und Innovation Prozessoptimierung und Effizienzsteigerung Projekt \u2013 und Interimsmanagement [&hellip;]<\/p>\n","protected":false},"author":1,"featured_media":0,"parent":0,"menu_order":0,"comment_status":"closed","ping_status":"closed","template":"","meta":{"_seopress_robots_primary_cat":"","_seopress_titles_title":"Gr\u00f6ger GmbH \u2013 Beratung f\u00fcr Mittelstand, Industrie & Start-ups","_seopress_titles_desc":"Gr\u00f6ger GmbH \u2013 Beratung f\u00fcr Mittelstand & Industrie: Internationalisierung, Prozessoptimierung, Interimsmanagement, Start-up-Support & Nachfolgeregelung.","_seopress_robots_index":"","_breakdance_hide_in_design_set":false,"_breakdance_tags":"","footnotes":""},"class_list":["post-29","page","type-page","status-publish","hentry"],"_links":{"self":[{"href":"https:\/\/groeger.gmbh\/zh\/wp-json\/wp\/v2\/pages\/29","targetHints":{"allow":["GET"]}}],"collection":[{"href":"https:\/\/groeger.gmbh\/zh\/wp-json\/wp\/v2\/pages"}],"about":[{"href":"https:\/\/groeger.gmbh\/zh\/wp-json\/wp\/v2\/types\/page"}],"author":[{"embeddable":true,"href":"https:\/\/groeger.gmbh\/zh\/wp-json\/wp\/v2\/users\/1"}],"replies":[{"embeddable":true,"href":"https:\/\/groeger.gmbh\/zh\/wp-json\/wp\/v2\/comments?post=29"}],"version-history":[{"count":1,"href":"https:\/\/groeger.gmbh\/zh\/wp-json\/wp\/v2\/pages\/29\/revisions"}],"predecessor-version":[{"id":161,"href":"https:\/\/groeger.gmbh\/zh\/wp-json\/wp\/v2\/pages\/29\/revisions\/161"}],"wp:attachment":[{"href":"https:\/\/groeger.gmbh\/zh\/wp-json\/wp\/v2\/media?parent=29"}],"curies":[{"name":"wp","href":"https:\/\/api.w.org\/{rel}","templated":true}]}}