{"id":43,"date":"2025-08-10T15:33:50","date_gmt":"2025-08-10T15:33:50","guid":{"rendered":"https:\/\/groeger.calia.de\/?page_id=43"},"modified":"2025-09-15T05:26:42","modified_gmt":"2025-09-15T05:26:42","slug":"business-angel","status":"publish","type":"page","link":"https:\/\/groeger.gmbh\/en\/business-angel\/","title":{"rendered":"Business Angel"},"content":{"rendered":"<section class=\"bde-section-43-100 bde-section\">\n  \n  \n\t\n\n\n\n<div class=\"section-container\"><div class=\"bde-columns-43-101 bde-columns\"><div class=\"bde-column-43-102 bde-column\">\n  \n  \n\t\n\n\n\n<h1 class=\"bde-heading-43-104 bde-heading\">\nBusiness Angel\n<\/h1><div class=\"bde-rich-text-43-105 bde-rich-text breakdance-rich-text-styles\">\n<p>We are happy to act as business angels and work with you to get your start-up up and running.<\/p>\n<p>We provide financial, advisory and operational support tailored to the individual needs of your company. We are also happy to help if you have been on the market for some time and are now facing the next phase of growth or financing.<\/p>\n<p>We are open to any industry and region. All that counts for us is the feasibility of the idea and its personality.<\/p>\n<\/div>\n<\/div><div class=\"bde-column-43-103 bde-column\">\n  \n  \n\t\n\n\n\n<div class=\"bde-globalblock-43-106 bde-globalblock\"><div class=\"bde-div-90-100-90-1 bde-div bde-div-90-100\">\n  \n  \n\t\n\n\n\n<img decoding=\"async\" class=\"bde-image2-90-103-90-1 bde-image2 bde-image2-90-103\" src=\"https:\/\/groeger.gmbh\/wp-content\/uploads\/2025\/07\/csm_slider-grafik-groeger_d439fff2da.jpg\" alt=\"Sky Background\" srcset=\"https:\/\/groeger.gmbh\/wp-content\/uploads\/2025\/07\/csm_slider-grafik-groeger_d439fff2da.jpg 2000w, https:\/\/groeger.gmbh\/wp-content\/uploads\/2025\/07\/csm_slider-grafik-groeger_d439fff2da-300x225.jpg 300w, https:\/\/groeger.gmbh\/wp-content\/uploads\/2025\/07\/csm_slider-grafik-groeger_d439fff2da-1024x768.jpg 1024w, https:\/\/groeger.gmbh\/wp-content\/uploads\/2025\/07\/csm_slider-grafik-groeger_d439fff2da-768x576.jpg 768w, https:\/\/groeger.gmbh\/wp-content\/uploads\/2025\/07\/csm_slider-grafik-groeger_d439fff2da-1536x1152.jpg 1536w\" sizes=\"(max-width: 2000px) 100vw, 2000px\"><div class=\"bde-div-90-101-90-1 bde-div bde-div-90-101\">\n  \n  \n\t\n\n\n\n<div class=\"bde-rich-text-90-102-90-1 bde-rich-text bde-rich-text-90-102 breakdance-rich-text-styles\">\n<p><strong>Gregor Groeger GmbH<\/strong><\/p>\n<p>Blindauer Stra\u00dfe 8a<br \/>83242 Reit im Winkl<\/p>\n<p>Tel: +49 89 95449866<br \/>Mob: +49 172 8973319<br \/><a href=\"mailto:gregor@groeger.gmbh\">gregor@groeger.gmbh<\/a><\/p>\n<\/div>\n<\/div>\n<\/div><\/div>\n<\/div><\/div><\/div>\n<\/section>","protected":false},"excerpt":{"rendered":"<p>Business Angel Sehr gerne sind wir als als business angels t\u00e4tig und bringen ihr start-up, gemeinsam mit Ihnen, zum Laufen. Hierbei erfolgt die Unterst\u00fctzung sowohl finanziell, als auch beratend und operativ, massgeschneidert auf die individuellen Bed\u00fcrfnisse ihres Unternehmes. Wir helfen auch gerne weiter, wenn Sie schon etwas l\u00e4nger am Markt sind und jetzt die n\u00e4chste [&hellip;]<\/p>\n","protected":false},"author":1,"featured_media":0,"parent":0,"menu_order":0,"comment_status":"closed","ping_status":"closed","template":"","meta":{"_seopress_robots_primary_cat":"","_seopress_titles_title":"Business Angel f\u00fcr Gr\u00fcnder: Expertise & Kapital","_seopress_titles_desc":"Erhalten Sie wertvolle Business Angel Expertise, Finanzierung und Coaching f\u00fcr den nachhaltigen Erfolg Ihres Start-ups.","_seopress_robots_index":"","_breakdance_hide_in_design_set":false,"_breakdance_tags":"","footnotes":""},"class_list":["post-43","page","type-page","status-publish","hentry"],"_links":{"self":[{"href":"https:\/\/groeger.gmbh\/en\/wp-json\/wp\/v2\/pages\/43","targetHints":{"allow":["GET"]}}],"collection":[{"href":"https:\/\/groeger.gmbh\/en\/wp-json\/wp\/v2\/pages"}],"about":[{"href":"https:\/\/groeger.gmbh\/en\/wp-json\/wp\/v2\/types\/page"}],"author":[{"embeddable":true,"href":"https:\/\/groeger.gmbh\/en\/wp-json\/wp\/v2\/users\/1"}],"replies":[{"embeddable":true,"href":"https:\/\/groeger.gmbh\/en\/wp-json\/wp\/v2\/comments?post=43"}],"version-history":[{"count":1,"href":"https:\/\/groeger.gmbh\/en\/wp-json\/wp\/v2\/pages\/43\/revisions"}],"predecessor-version":[{"id":176,"href":"https:\/\/groeger.gmbh\/en\/wp-json\/wp\/v2\/pages\/43\/revisions\/176"}],"wp:attachment":[{"href":"https:\/\/groeger.gmbh\/en\/wp-json\/wp\/v2\/media?parent=43"}],"curies":[{"name":"wp","href":"https:\/\/api.w.org\/{rel}","templated":true}]}}