{"id":42,"date":"2025-08-10T15:33:50","date_gmt":"2025-08-10T15:33:50","guid":{"rendered":"https:\/\/groeger.calia.de\/?page_id=42"},"modified":"2025-09-15T05:26:01","modified_gmt":"2025-09-15T05:26:01","slug":"participations","status":"publish","type":"page","link":"https:\/\/groeger.gmbh\/en\/beteiligungen\/","title":{"rendered":"Shareholdings"},"content":{"rendered":"<section class=\"bde-section-42-100 bde-section\">\n  \n  \n\t\n\n\n\n<div class=\"section-container\"><div class=\"bde-columns-42-101 bde-columns\"><div class=\"bde-column-42-102 bde-column\">\n  \n  \n\t\n\n\n\n<h1 class=\"bde-heading-42-104 bde-heading\">\nShareholdings\n<\/h1><div class=\"bde-rich-text-42-105 bde-rich-text breakdance-rich-text-styles\">\n<p><a title=\"I&#039;M Living Immobilien GmbH\" href=\"https:\/\/www.i-m-living.de\/\" target=\"_blank\" rel=\"noopener\">I'M Living Immobilien GmbH<\/a><\/p>\n<p><strong>I am currently looking for majority or minority shareholdings in companies in the following sectors:<\/strong><\/p>\n<ul class=\"circlesx\">\n<li>Private Equity Fund\/Family Office<\/li>\n<li>Building Management Systems \/ Energy Management<\/li>\n<li>Machinery and plant engineering<\/li>\n<li>Solar energy<\/li>\n<li>Industry 4.0<\/li>\n<li>Electromobility<\/li>\n<\/ul>\n<p>Preferably as a succession plan, but also with a need for restructuring or already in insolvency.<\/p>\n<\/div>\n<\/div><div class=\"bde-column-42-103 bde-column\">\n  \n  \n\t\n\n\n\n<div class=\"bde-globalblock-42-106 bde-globalblock\"><div class=\"bde-div-90-100-90-1 bde-div bde-div-90-100\">\n  \n  \n\t\n\n\n\n<img decoding=\"async\" class=\"bde-image2-90-103-90-1 bde-image2 bde-image2-90-103\" src=\"https:\/\/groeger.gmbh\/wp-content\/uploads\/2025\/07\/csm_slider-grafik-groeger_d439fff2da.jpg\" alt=\"Sky Background\" srcset=\"https:\/\/groeger.gmbh\/wp-content\/uploads\/2025\/07\/csm_slider-grafik-groeger_d439fff2da.jpg 2000w, https:\/\/groeger.gmbh\/wp-content\/uploads\/2025\/07\/csm_slider-grafik-groeger_d439fff2da-300x225.jpg 300w, https:\/\/groeger.gmbh\/wp-content\/uploads\/2025\/07\/csm_slider-grafik-groeger_d439fff2da-1024x768.jpg 1024w, https:\/\/groeger.gmbh\/wp-content\/uploads\/2025\/07\/csm_slider-grafik-groeger_d439fff2da-768x576.jpg 768w, https:\/\/groeger.gmbh\/wp-content\/uploads\/2025\/07\/csm_slider-grafik-groeger_d439fff2da-1536x1152.jpg 1536w\" sizes=\"(max-width: 2000px) 100vw, 2000px\"><div class=\"bde-div-90-101-90-1 bde-div bde-div-90-101\">\n  \n  \n\t\n\n\n\n<div class=\"bde-rich-text-90-102-90-1 bde-rich-text bde-rich-text-90-102 breakdance-rich-text-styles\">\n<p><strong>Gregor Groeger GmbH<\/strong><\/p>\n<p>Blindauer Stra\u00dfe 8a<br \/>83242 Reit im Winkl<\/p>\n<p>Tel: +49 89 95449866<br \/>Mob: +49 172 8973319<br \/><a href=\"mailto:gregor@groeger.gmbh\">gregor@groeger.gmbh<\/a><\/p>\n<\/div>\n<\/div>\n<\/div><\/div>\n<\/div><\/div><\/div>\n<\/section>","protected":false},"excerpt":{"rendered":"<p>Beteiligungen I\u2019M Living Immobilien GmbH Aktuell suche ich Mehr- oder Minderheitsbeteiligungen an Firmen aus folgenden Branchen: Private-Equity-Fund\/Family Office Geb\u00e4ude Management Systeme \/ Energy Management Maschinen und Anlagenbau Solarenergie Industrie 4.0 Elektromobilit\u00e4t Gerne als Nachfolgeregelung, aber auch mit Restrukturierungsbedarf oder bereits in Insolvenz. Gregor Groeger GmbH Blindauer Stra\u00dfe 8a83242 Reit im Winkl Tel: +49 89 95449866Mob: [&hellip;]<\/p>\n","protected":false},"author":1,"featured_media":0,"parent":0,"menu_order":0,"comment_status":"closed","ping_status":"closed","template":"","meta":{"_seopress_robots_primary_cat":"","_seopress_titles_title":"Gr\u00f6ger GmbH Beteiligungen f\u00fcr nachhaltiges Wachstum","_seopress_titles_desc":"Erfahren Sie mehr \u00fcber die vielf\u00e4ltigen Beteiligungen der Gr\u00f6ger GmbH und unsere nachhaltigen Investitionen in zukunftsstarke Unternehmen.","_seopress_robots_index":"","_breakdance_hide_in_design_set":false,"_breakdance_tags":"","footnotes":""},"class_list":["post-42","page","type-page","status-publish","hentry"],"_links":{"self":[{"href":"https:\/\/groeger.gmbh\/en\/wp-json\/wp\/v2\/pages\/42","targetHints":{"allow":["GET"]}}],"collection":[{"href":"https:\/\/groeger.gmbh\/en\/wp-json\/wp\/v2\/pages"}],"about":[{"href":"https:\/\/groeger.gmbh\/en\/wp-json\/wp\/v2\/types\/page"}],"author":[{"embeddable":true,"href":"https:\/\/groeger.gmbh\/en\/wp-json\/wp\/v2\/users\/1"}],"replies":[{"embeddable":true,"href":"https:\/\/groeger.gmbh\/en\/wp-json\/wp\/v2\/comments?post=42"}],"version-history":[{"count":2,"href":"https:\/\/groeger.gmbh\/en\/wp-json\/wp\/v2\/pages\/42\/revisions"}],"predecessor-version":[{"id":175,"href":"https:\/\/groeger.gmbh\/en\/wp-json\/wp\/v2\/pages\/42\/revisions\/175"}],"wp:attachment":[{"href":"https:\/\/groeger.gmbh\/en\/wp-json\/wp\/v2\/media?parent=42"}],"curies":[{"name":"wp","href":"https:\/\/api.w.org\/{rel}","templated":true}]}}