{"id":29,"date":"2025-07-28T14:45:11","date_gmt":"2025-07-28T14:45:11","guid":{"rendered":"https:\/\/groeger.calia.de\/?page_id=29"},"modified":"2025-09-15T03:36:42","modified_gmt":"2025-09-15T03:36:42","slug":"home","status":"publish","type":"page","link":"https:\/\/groeger.gmbh\/en\/","title":{"rendered":"Home"},"content":{"rendered":"<section class=\"bde-section-29-100 bde-section\">\n  \n  \n\t\n\n\n\n<div class=\"section-container\"><div class=\"bde-columns-29-101 bde-columns\"><div class=\"bde-column-29-102 bde-column\">\n  \n  \n\t\n\n\n\n<h1 class=\"bde-heading-29-104 bde-heading\">\nGregor Gr\u00f6ger GmbH has been advising and supporting German SMEs and globally active industrial companies from the following sectors since 1987:<br>\n<\/h1><div class=\"bde-rich-text-29-105 bde-rich-text breakdance-rich-text-styles\">\n<ul class=\"circlesx\">\n<li>Mechanical engineering and tools<\/li>\n<li>Automotive<\/li>\n<li>Electrical engineering<\/li>\n<li>Industry 4.0<\/li>\n<li>Renewable energies<\/li>\n<li>Cleantech<\/li>\n<li>Electromobility<\/li>\n<li>Building Management Systems \/ Energy Management<\/li>\n<\/ul>\n<\/div><h2 class=\"bde-heading-29-106 bde-heading\">\nThis usually involves the following areas of responsibility:\n<\/h2><div class=\"bde-rich-text-29-107 bde-rich-text breakdance-rich-text-styles\">\n<ul class=\"circlesx\">\n<li>Growth through internationalization and innovation<\/li>\n<li>Process optimization and increased efficiency<\/li>\n<li>Project and interim management<\/li>\n<li>Start-up support<\/li>\n<li>Restructuring<\/li>\n<li>Succession planning<\/li>\n<\/ul>\n<\/div>\n<\/div><div class=\"bde-column-29-103 bde-column\">\n  \n  \n\t\n\n\n\n<div class=\"bde-globalblock-29-109 bde-globalblock\"><div class=\"bde-div-90-100-90-1 bde-div bde-div-90-100\">\n  \n  \n\t\n\n\n\n<img decoding=\"async\" class=\"bde-image2-90-103-90-1 bde-image2 bde-image2-90-103\" src=\"https:\/\/groeger.gmbh\/wp-content\/uploads\/2025\/07\/csm_slider-grafik-groeger_d439fff2da.jpg\" alt=\"Sky Background\" srcset=\"https:\/\/groeger.gmbh\/wp-content\/uploads\/2025\/07\/csm_slider-grafik-groeger_d439fff2da.jpg 2000w, https:\/\/groeger.gmbh\/wp-content\/uploads\/2025\/07\/csm_slider-grafik-groeger_d439fff2da-300x225.jpg 300w, https:\/\/groeger.gmbh\/wp-content\/uploads\/2025\/07\/csm_slider-grafik-groeger_d439fff2da-1024x768.jpg 1024w, https:\/\/groeger.gmbh\/wp-content\/uploads\/2025\/07\/csm_slider-grafik-groeger_d439fff2da-768x576.jpg 768w, https:\/\/groeger.gmbh\/wp-content\/uploads\/2025\/07\/csm_slider-grafik-groeger_d439fff2da-1536x1152.jpg 1536w\" sizes=\"(max-width: 2000px) 100vw, 2000px\"><div class=\"bde-div-90-101-90-1 bde-div bde-div-90-101\">\n  \n  \n\t\n\n\n\n<div class=\"bde-rich-text-90-102-90-1 bde-rich-text bde-rich-text-90-102 breakdance-rich-text-styles\">\n<p><strong>Gregor Groeger GmbH<\/strong><\/p>\n<p>Blindauer Stra\u00dfe 8a<br \/>83242 Reit im Winkl<\/p>\n<p>Tel: +49 89 95449866<br \/>Mob: +49 172 8973319<br \/><a href=\"mailto:gregor@groeger.gmbh\">gregor@groeger.gmbh<\/a><\/p>\n<\/div>\n<\/div>\n<\/div><\/div>\n<\/div><\/div><\/div>\n<\/section>","protected":false},"excerpt":{"rendered":"<p>Seit 1987 ber\u00e4t und unterst\u00fctzt die Gregor Gr\u00f6ger GmbH den deutschen Mittelstand und weltweit t\u00e4tige Industriebetriebe aus folgenden Branchen: Maschinenbau und Werkzeuge Automotive Elektrotechnik Industrie 4.0 Erneuerbare Energien Cleantech Elektromobilit\u00e4t Geb\u00e4ude Management Systeme \/ Energy Management Hierbei geht es zumeist um folgende Aufgabenbereiche: Wachstum durch Internationalisierung und Innovation Prozessoptimierung und Effizienzsteigerung Projekt \u2013 und Interimsmanagement [&hellip;]<\/p>\n","protected":false},"author":1,"featured_media":0,"parent":0,"menu_order":0,"comment_status":"closed","ping_status":"closed","template":"","meta":{"_seopress_robots_primary_cat":"","_seopress_titles_title":"Gr\u00f6ger GmbH \u2013 Beratung f\u00fcr Mittelstand, Industrie & Start-ups","_seopress_titles_desc":"Gr\u00f6ger GmbH \u2013 Beratung f\u00fcr Mittelstand & Industrie: Internationalisierung, Prozessoptimierung, Interimsmanagement, Start-up-Support & Nachfolgeregelung.","_seopress_robots_index":"","_breakdance_hide_in_design_set":false,"_breakdance_tags":"","footnotes":""},"class_list":["post-29","page","type-page","status-publish","hentry"],"_links":{"self":[{"href":"https:\/\/groeger.gmbh\/en\/wp-json\/wp\/v2\/pages\/29","targetHints":{"allow":["GET"]}}],"collection":[{"href":"https:\/\/groeger.gmbh\/en\/wp-json\/wp\/v2\/pages"}],"about":[{"href":"https:\/\/groeger.gmbh\/en\/wp-json\/wp\/v2\/types\/page"}],"author":[{"embeddable":true,"href":"https:\/\/groeger.gmbh\/en\/wp-json\/wp\/v2\/users\/1"}],"replies":[{"embeddable":true,"href":"https:\/\/groeger.gmbh\/en\/wp-json\/wp\/v2\/comments?post=29"}],"version-history":[{"count":1,"href":"https:\/\/groeger.gmbh\/en\/wp-json\/wp\/v2\/pages\/29\/revisions"}],"predecessor-version":[{"id":161,"href":"https:\/\/groeger.gmbh\/en\/wp-json\/wp\/v2\/pages\/29\/revisions\/161"}],"wp:attachment":[{"href":"https:\/\/groeger.gmbh\/en\/wp-json\/wp\/v2\/media?parent=29"}],"curies":[{"name":"wp","href":"https:\/\/api.w.org\/{rel}","templated":true}]}}