{"id":43,"date":"2025-08-10T15:33:50","date_gmt":"2025-08-10T15:33:50","guid":{"rendered":"https:\/\/groeger.calia.de\/?page_id=43"},"modified":"2025-09-15T05:26:42","modified_gmt":"2025-09-15T05:26:42","slug":"%d9%85%d9%84%d8%a7%d9%83-%d8%a7%d9%84%d8%a3%d8%b9%d9%85%d8%a7%d9%84","status":"publish","type":"page","link":"https:\/\/groeger.gmbh\/ar\/business-angel\/","title":{"rendered":"\u0645\u0644\u0627\u0643 \u0627\u0644\u0623\u0639\u0645\u0627\u0644"},"content":{"rendered":"<section class=\"bde-section-43-100 bde-section\">\n  \n  \n\t\n\n\n\n<div class=\"section-container\"><div class=\"bde-columns-43-101 bde-columns\"><div class=\"bde-column-43-102 bde-column\">\n  \n  \n\t\n\n\n\n<h1 class=\"bde-heading-43-104 bde-heading\">\n\u0645\u0644\u0627\u0643 \u0627\u0644\u0623\u0639\u0645\u0627\u0644\n<\/h1><div class=\"bde-rich-text-43-105 bde-rich-text breakdance-rich-text-styles\">\n<p>\u064a\u0633\u0639\u062f\u0646\u0627 \u0623\u0646 \u0646\u0639\u0645\u0644 \u0643\u0645\u0644\u0627\u0626\u0643\u0629 \u0623\u0639\u0645\u0627\u0644 \u0648\u0646\u0639\u0645\u0644 \u0645\u0639\u0643 \u0644\u0628\u062f\u0621 \u0634\u0631\u0643\u062a\u0643 \u0627\u0644\u0646\u0627\u0634\u0626\u0629 \u0648\u062a\u0634\u063a\u064a\u0644\u0647\u0627.<\/p>\n<p>\u0646\u062d\u0646 \u0646\u0648\u0641\u0631 \u0627\u0644\u062f\u0639\u0645 \u0627\u0644\u0645\u0627\u0644\u064a \u0648\u0627\u0644\u0627\u0633\u062a\u0634\u0627\u0631\u064a \u0648\u0627\u0644\u062a\u0634\u063a\u064a\u0644\u064a\u060c \u0627\u0644\u0645\u062e\u0635\u0635 \u0644\u0644\u0627\u062d\u062a\u064a\u0627\u062c\u0627\u062a \u0627\u0644\u0641\u0631\u062f\u064a\u0629 \u0644\u0634\u0631\u0643\u062a\u0643. \u064a\u0633\u0639\u062f\u0646\u0627 \u0623\u064a\u0636\u0627\u064b \u062a\u0642\u062f\u064a\u0645 \u0627\u0644\u0645\u0633\u0627\u0639\u062f\u0629 \u0625\u0630\u0627 \u0643\u0646\u062a \u062a\u0639\u0645\u0644 \u0641\u064a \u0627\u0644\u0633\u0648\u0642 \u0644\u0628\u0639\u0636 \u0627\u0644\u0648\u0642\u062a \u0648\u062a\u0648\u0627\u062c\u0647 \u0627\u0644\u0622\u0646 \u0627\u0644\u0645\u0631\u062d\u0644\u0629 \u0627\u0644\u062a\u0627\u0644\u064a\u0629 \u0645\u0646 \u0627\u0644\u0646\u0645\u0648 \u0623\u0648 \u0627\u0644\u062a\u0645\u0648\u064a\u0644.<\/p>\n<p>\u0646\u062d\u0646 \u0645\u0646\u0641\u062a\u062d\u0648\u0646 \u0639\u0644\u0649 \u0623\u064a \u0635\u0646\u0627\u0639\u0629 \u0623\u0648 \u0645\u0646\u0637\u0642\u0629. \u0643\u0644 \u0645\u0627 \u064a\u0647\u0645\u0646\u0627 \u0647\u0648 \u062c\u062f\u0648\u0649 \u0627\u0644\u0641\u0643\u0631\u0629 \u0648\u0634\u062e\u0635\u064a\u062a\u0647\u0627.<\/p>\n<\/div>\n<\/div><div class=\"bde-column-43-103 bde-column\">\n  \n  \n\t\n\n\n\n<div class=\"bde-globalblock-43-106 bde-globalblock\"><div class=\"bde-div-90-100-90-1 bde-div bde-div-90-100\">\n  \n  \n\t\n\n\n\n<img decoding=\"async\" class=\"bde-image2-90-103-90-1 bde-image2 bde-image2-90-103\" src=\"https:\/\/groeger.gmbh\/wp-content\/uploads\/2025\/07\/csm_slider-grafik-groeger_d439fff2da.jpg\" alt=\"\u062e\u0644\u0641\u064a\u0629 \u0627\u0644\u0633\u0645\u0627\u0621\" srcset=\"https:\/\/groeger.gmbh\/wp-content\/uploads\/2025\/07\/csm_slider-grafik-groeger_d439fff2da.jpg 2000w, https:\/\/groeger.gmbh\/wp-content\/uploads\/2025\/07\/csm_slider-grafik-groeger_d439fff2da-300x225.jpg 300w, https:\/\/groeger.gmbh\/wp-content\/uploads\/2025\/07\/csm_slider-grafik-groeger_d439fff2da-1024x768.jpg 1024w, https:\/\/groeger.gmbh\/wp-content\/uploads\/2025\/07\/csm_slider-grafik-groeger_d439fff2da-768x576.jpg 768w, https:\/\/groeger.gmbh\/wp-content\/uploads\/2025\/07\/csm_slider-grafik-groeger_d439fff2da-1536x1152.jpg 1536w\" sizes=\"(max-width: 2000px) 100vw, 2000px\"><div class=\"bde-div-90-101-90-1 bde-div bde-div-90-101\">\n  \n  \n\t\n\n\n\n<div class=\"bde-rich-text-90-102-90-1 bde-rich-text bde-rich-text-90-102 breakdance-rich-text-styles\">\n<p><strong>\u0634\u0631\u0643\u0629 \u063a\u0631\u064a\u063a\u0648\u0631 \u063a\u0631\u0648\u063a\u0631 \u0627\u0644\u0645\u062d\u062f\u0648\u062f\u0629<\/strong><\/p>\n<p>\u0634\u0627\u0631\u0639 \u0628\u0644\u0627\u064a\u0646\u062f\u0627\u0648\u0631 \u0634\u062a\u0631\u0627\u0633\u0647 8 \u0623<br \/>83242 \u0631\u064a\u062a \u0625\u0645 \u0648\u064a\u0646\u0643\u0644<\/p>\n<p>\u0647\u0627\u062a\u0641: +49 89 89 95449866<br \/>\u0627\u0644\u0647\u0627\u062a\u0641 \u0627\u0644\u0645\u062d\u0645\u0648\u0644: +49 172 897333319 172+<br \/><a href=\"mailto:gregor@groeger.gmbh\">gregor@groeger.gmbh<\/a><\/p>\n<\/div>\n<\/div>\n<\/div><\/div>\n<\/div><\/div><\/div>\n<\/section>","protected":false},"excerpt":{"rendered":"<p>Business Angel Sehr gerne sind wir als als business angels t\u00e4tig und bringen ihr start-up, gemeinsam mit Ihnen, zum Laufen. Hierbei erfolgt die Unterst\u00fctzung sowohl finanziell, als auch beratend und operativ, massgeschneidert auf die individuellen Bed\u00fcrfnisse ihres Unternehmes. Wir helfen auch gerne weiter, wenn Sie schon etwas l\u00e4nger am Markt sind und jetzt die n\u00e4chste [&hellip;]<\/p>\n","protected":false},"author":1,"featured_media":0,"parent":0,"menu_order":0,"comment_status":"closed","ping_status":"closed","template":"","meta":{"_seopress_robots_primary_cat":"","_seopress_titles_title":"Business Angel f\u00fcr Gr\u00fcnder: Expertise & Kapital","_seopress_titles_desc":"Erhalten Sie wertvolle Business Angel Expertise, Finanzierung und Coaching f\u00fcr den nachhaltigen Erfolg Ihres Start-ups.","_seopress_robots_index":"","_breakdance_hide_in_design_set":false,"_breakdance_tags":"","footnotes":""},"class_list":["post-43","page","type-page","status-publish","hentry"],"_links":{"self":[{"href":"https:\/\/groeger.gmbh\/ar\/wp-json\/wp\/v2\/pages\/43","targetHints":{"allow":["GET"]}}],"collection":[{"href":"https:\/\/groeger.gmbh\/ar\/wp-json\/wp\/v2\/pages"}],"about":[{"href":"https:\/\/groeger.gmbh\/ar\/wp-json\/wp\/v2\/types\/page"}],"author":[{"embeddable":true,"href":"https:\/\/groeger.gmbh\/ar\/wp-json\/wp\/v2\/users\/1"}],"replies":[{"embeddable":true,"href":"https:\/\/groeger.gmbh\/ar\/wp-json\/wp\/v2\/comments?post=43"}],"version-history":[{"count":1,"href":"https:\/\/groeger.gmbh\/ar\/wp-json\/wp\/v2\/pages\/43\/revisions"}],"predecessor-version":[{"id":176,"href":"https:\/\/groeger.gmbh\/ar\/wp-json\/wp\/v2\/pages\/43\/revisions\/176"}],"wp:attachment":[{"href":"https:\/\/groeger.gmbh\/ar\/wp-json\/wp\/v2\/media?parent=43"}],"curies":[{"name":"\u062f\u0628\u0644\u064a\u0648 \u0628\u064a","href":"https:\/\/api.w.org\/{rel}","templated":true}]}}