{"id":29,"date":"2025-07-28T14:45:11","date_gmt":"2025-07-28T14:45:11","guid":{"rendered":"https:\/\/groeger.calia.de\/?page_id=29"},"modified":"2025-09-15T03:36:42","modified_gmt":"2025-09-15T03:36:42","slug":"home","status":"publish","type":"page","link":"https:\/\/groeger.gmbh\/ar\/","title":{"rendered":"\u0627\u0644\u0635\u0641\u062d\u0629 \u0627\u0644\u0631\u0626\u064a\u0633\u064a\u0629"},"content":{"rendered":"<section class=\"bde-section-29-100 bde-section\">\n  \n  \n\t\n\n\n\n<div class=\"section-container\"><div class=\"bde-columns-29-101 bde-columns\"><div class=\"bde-column-29-102 bde-column\">\n  \n  \n\t\n\n\n\n<h1 class=\"bde-heading-29-104 bde-heading\">\n\u062a\u0642\u0648\u0645 \u0634\u0631\u0643\u0629 Gregor Gr\u00f6ger GmbH \u0628\u062a\u0642\u062f\u064a\u0645 \u0627\u0644\u0645\u0634\u0648\u0631\u0629 \u0648\u0627\u0644\u062f\u0639\u0645 \u0644\u0644\u0634\u0631\u0643\u0627\u062a \u0627\u0644\u0623\u0644\u0645\u0627\u0646\u064a\u0629 \u0627\u0644\u0635\u063a\u064a\u0631\u0629 \u0648\u0627\u0644\u0645\u062a\u0648\u0633\u0637\u0629 \u0648\u0627\u0644\u0634\u0631\u0643\u0627\u062a \u0627\u0644\u0635\u0646\u0627\u0639\u064a\u0629 \u0627\u0644\u0646\u0634\u0637\u0629 \u0639\u0627\u0644\u0645\u064a\u064b\u0627 \u0641\u064a \u0627\u0644\u0642\u0637\u0627\u0639\u0627\u062a \u0627\u0644\u062a\u0627\u0644\u064a\u0629 \u0645\u0646\u0630 \u0639\u0627\u0645 1987:<br>\n<\/h1><div class=\"bde-rich-text-29-105 bde-rich-text breakdance-rich-text-styles\">\n<ul class=\"circlesx\">\n<li>\u0627\u0644\u0647\u0646\u062f\u0633\u0629 \u0627\u0644\u0645\u064a\u0643\u0627\u0646\u064a\u0643\u064a\u0629 \u0648\u0627\u0644\u0623\u062f\u0648\u0627\u062a \u0627\u0644\u0645\u064a\u0643\u0627\u0646\u064a\u0643\u064a\u0629<\/li>\n<li>\u0627\u0644\u0633\u064a\u0627\u0631\u0627\u062a<\/li>\n<li>\u0627\u0644\u0647\u0646\u062f\u0633\u0629 \u0627\u0644\u0643\u0647\u0631\u0628\u0627\u0626\u064a\u0629<\/li>\n<li>\u0627\u0644\u0635\u0646\u0627\u0639\u0629 4.0<\/li>\n<li>\u0627\u0644\u0637\u0627\u0642\u0627\u062a \u0627\u0644\u0645\u062a\u062c\u062f\u062f\u0629<\/li>\n<li>\u0627\u0644\u062a\u0643\u0646\u0648\u0644\u0648\u062c\u064a\u0627 \u0627\u0644\u0646\u0638\u064a\u0641\u0629<\/li>\n<li>\u0627\u0644\u062a\u0646\u0642\u0644 \u0627\u0644\u0643\u0647\u0631\u0628\u0627\u0626\u064a<\/li>\n<li>\u0623\u0646\u0638\u0645\u0629 \u0625\u062f\u0627\u0631\u0629 \u0627\u0644\u0645\u0628\u0627\u0646\u064a \/ \u0625\u062f\u0627\u0631\u0629 \u0627\u0644\u0637\u0627\u0642\u0629<\/li>\n<\/ul>\n<\/div><h2 class=\"bde-heading-29-106 bde-heading\">\n\u064a\u062a\u0636\u0645\u0646 \u0630\u0644\u0643 \u0639\u0627\u062f\u0629\u064b \u0645\u062c\u0627\u0644\u0627\u062a \u0627\u0644\u0645\u0633\u0624\u0648\u0644\u064a\u0629 \u0627\u0644\u062a\u0627\u0644\u064a\u0629:\n<\/h2><div class=\"bde-rich-text-29-107 bde-rich-text breakdance-rich-text-styles\">\n<ul class=\"circlesx\">\n<li>\u0627\u0644\u0646\u0645\u0648 \u0645\u0646 \u062e\u0644\u0627\u0644 \u0627\u0644\u062a\u062f\u0648\u064a\u0644 \u0648\u0627\u0644\u0627\u0628\u062a\u0643\u0627\u0631<\/li>\n<li>\u062a\u062d\u0633\u064a\u0646 \u0627\u0644\u0639\u0645\u0644\u064a\u0627\u062a \u0648\u0632\u064a\u0627\u062f\u0629 \u0627\u0644\u0643\u0641\u0627\u0621\u0629<\/li>\n<li>\u0625\u062f\u0627\u0631\u0629 \u0627\u0644\u0645\u0634\u0627\u0631\u064a\u0639 \u0648\u0627\u0644\u0625\u062f\u0627\u0631\u0629 \u0627\u0644\u0645\u0624\u0642\u062a\u0629<\/li>\n<li>\u062f\u0639\u0645 \u0628\u062f\u0621 \u0627\u0644\u062a\u0634\u063a\u064a\u0644<\/li>\n<li>\u0625\u0639\u0627\u062f\u0629 \u0627\u0644\u0647\u064a\u0643\u0644\u0629<\/li>\n<li>\u062a\u062e\u0637\u064a\u0637 \u0627\u0644\u062a\u0639\u0627\u0642\u0628 \u0627\u0644\u0648\u0638\u064a\u0641\u064a<\/li>\n<\/ul>\n<\/div>\n<\/div><div class=\"bde-column-29-103 bde-column\">\n  \n  \n\t\n\n\n\n<div class=\"bde-globalblock-29-109 bde-globalblock\"><div class=\"bde-div-90-100-90-1 bde-div bde-div-90-100\">\n  \n  \n\t\n\n\n\n<img decoding=\"async\" class=\"bde-image2-90-103-90-1 bde-image2 bde-image2-90-103\" src=\"https:\/\/groeger.gmbh\/wp-content\/uploads\/2025\/07\/csm_slider-grafik-groeger_d439fff2da.jpg\" alt=\"\u062e\u0644\u0641\u064a\u0629 \u0627\u0644\u0633\u0645\u0627\u0621\" srcset=\"https:\/\/groeger.gmbh\/wp-content\/uploads\/2025\/07\/csm_slider-grafik-groeger_d439fff2da.jpg 2000w, https:\/\/groeger.gmbh\/wp-content\/uploads\/2025\/07\/csm_slider-grafik-groeger_d439fff2da-300x225.jpg 300w, https:\/\/groeger.gmbh\/wp-content\/uploads\/2025\/07\/csm_slider-grafik-groeger_d439fff2da-1024x768.jpg 1024w, https:\/\/groeger.gmbh\/wp-content\/uploads\/2025\/07\/csm_slider-grafik-groeger_d439fff2da-768x576.jpg 768w, https:\/\/groeger.gmbh\/wp-content\/uploads\/2025\/07\/csm_slider-grafik-groeger_d439fff2da-1536x1152.jpg 1536w\" sizes=\"(max-width: 2000px) 100vw, 2000px\"><div class=\"bde-div-90-101-90-1 bde-div bde-div-90-101\">\n  \n  \n\t\n\n\n\n<div class=\"bde-rich-text-90-102-90-1 bde-rich-text bde-rich-text-90-102 breakdance-rich-text-styles\">\n<p><strong>\u0634\u0631\u0643\u0629 \u063a\u0631\u064a\u063a\u0648\u0631 \u063a\u0631\u0648\u063a\u0631 \u0627\u0644\u0645\u062d\u062f\u0648\u062f\u0629<\/strong><\/p>\n<p>\u0634\u0627\u0631\u0639 \u0628\u0644\u0627\u064a\u0646\u062f\u0627\u0648\u0631 \u0634\u062a\u0631\u0627\u0633\u0647 8 \u0623<br \/>83242 \u0631\u064a\u062a \u0625\u0645 \u0648\u064a\u0646\u0643\u0644<\/p>\n<p>\u0647\u0627\u062a\u0641: +49 89 89 95449866<br \/>\u0627\u0644\u0647\u0627\u062a\u0641 \u0627\u0644\u0645\u062d\u0645\u0648\u0644: +49 172 897333319 172+<br \/><a href=\"mailto:gregor@groeger.gmbh\">gregor@groeger.gmbh<\/a><\/p>\n<\/div>\n<\/div>\n<\/div><\/div>\n<\/div><\/div><\/div>\n<\/section>","protected":false},"excerpt":{"rendered":"<p>Seit 1987 ber\u00e4t und unterst\u00fctzt die Gregor Gr\u00f6ger GmbH den deutschen Mittelstand und weltweit t\u00e4tige Industriebetriebe aus folgenden Branchen: Maschinenbau und Werkzeuge Automotive Elektrotechnik Industrie 4.0 Erneuerbare Energien Cleantech Elektromobilit\u00e4t Geb\u00e4ude Management Systeme \/ Energy Management Hierbei geht es zumeist um folgende Aufgabenbereiche: Wachstum durch Internationalisierung und Innovation Prozessoptimierung und Effizienzsteigerung Projekt \u2013 und Interimsmanagement [&hellip;]<\/p>\n","protected":false},"author":1,"featured_media":0,"parent":0,"menu_order":0,"comment_status":"closed","ping_status":"closed","template":"","meta":{"_seopress_robots_primary_cat":"","_seopress_titles_title":"Gr\u00f6ger GmbH \u2013 Beratung f\u00fcr Mittelstand, Industrie & Start-ups","_seopress_titles_desc":"Gr\u00f6ger GmbH \u2013 Beratung f\u00fcr Mittelstand & Industrie: Internationalisierung, Prozessoptimierung, Interimsmanagement, Start-up-Support & Nachfolgeregelung.","_seopress_robots_index":"","_breakdance_hide_in_design_set":false,"_breakdance_tags":"","footnotes":""},"class_list":["post-29","page","type-page","status-publish","hentry"],"_links":{"self":[{"href":"https:\/\/groeger.gmbh\/ar\/wp-json\/wp\/v2\/pages\/29","targetHints":{"allow":["GET"]}}],"collection":[{"href":"https:\/\/groeger.gmbh\/ar\/wp-json\/wp\/v2\/pages"}],"about":[{"href":"https:\/\/groeger.gmbh\/ar\/wp-json\/wp\/v2\/types\/page"}],"author":[{"embeddable":true,"href":"https:\/\/groeger.gmbh\/ar\/wp-json\/wp\/v2\/users\/1"}],"replies":[{"embeddable":true,"href":"https:\/\/groeger.gmbh\/ar\/wp-json\/wp\/v2\/comments?post=29"}],"version-history":[{"count":1,"href":"https:\/\/groeger.gmbh\/ar\/wp-json\/wp\/v2\/pages\/29\/revisions"}],"predecessor-version":[{"id":161,"href":"https:\/\/groeger.gmbh\/ar\/wp-json\/wp\/v2\/pages\/29\/revisions\/161"}],"wp:attachment":[{"href":"https:\/\/groeger.gmbh\/ar\/wp-json\/wp\/v2\/media?parent=29"}],"curies":[{"name":"\u062f\u0628\u0644\u064a\u0648 \u0628\u064a","href":"https:\/\/api.w.org\/{rel}","templated":true}]}}